{"id":25,"date":"2025-01-20T14:42:09","date_gmt":"2025-01-20T14:42:09","guid":{"rendered":"https:\/\/xtendo.biz\/en\/?page_id=25"},"modified":"2026-01-22T01:41:40","modified_gmt":"2026-01-22T05:41:40","slug":"success-stories","status":"publish","type":"page","link":"https:\/\/xtendo.global\/pt\/success-stories\/","title":{"rendered":"Success stories"},"content":{"rendered":"\t\t<div data-elementor-type=\"wp-page\" data-elementor-id=\"25\" class=\"elementor elementor-25\" data-elementor-post-type=\"page\">\n\t\t\t\t<div class=\"elementor-element elementor-element-ef5dfe1 e-flex e-con-boxed elementor-invisible e-con e-parent\" data-id=\"ef5dfe1\" data-element_type=\"container\" data-e-type=\"container\" data-settings=\"{&quot;background_background&quot;:&quot;classic&quot;,&quot;jet_parallax_layout_list&quot;:[],&quot;animation&quot;:&quot;fadeIn&quot;}\">\n\t\t\t\t\t<div class=\"e-con-inner\">\n\t\t\t\t<div class=\"elementor-element elementor-element-7a4e227 elementor-widget elementor-widget-heading\" data-id=\"7a4e227\" data-element_type=\"widget\" data-e-type=\"widget\" data-widget_type=\"heading.default\">\n\t\t\t\t<div class=\"elementor-widget-container\">\n\t\t\t\t\t<h2 class=\"elementor-heading-title elementor-size-default\">Hist\u00f3rias de sucesso<\/h2>\t\t\t\t<\/div>\n\t\t\t\t<\/div>\n\t\t\t\t<div class=\"elementor-element elementor-element-3a78c1e elementor-widget__width-initial animated-slow elementor-invisible elementor-widget elementor-widget-jet-headline\" data-id=\"3a78c1e\" data-element_type=\"widget\" data-e-type=\"widget\" data-settings=\"{&quot;_animation&quot;:&quot;fadeInLeft&quot;}\" data-widget_type=\"jet-headline.default\">\n\t\t\t\t<div class=\"elementor-widget-container\">\n\t\t\t\t\t<h2 class=\"jet-headline jet-headline--direction-vertical\"><span class=\"jet-headline__part jet-headline__first\"><span class=\"jet-headline__label\">Xtendo Global<\/span><\/span><span class=\"jet-headline__part jet-headline__second\"><span class=\"jet-headline__label\">Transformamos desafios em resultados extraordin\u00e1rios.<\/span><\/span><\/h2>\t\t\t\t<\/div>\n\t\t\t\t<\/div>\n\t\t\t\t\t<\/div>\n\t\t\t\t<\/div>\n\t\t<div class=\"elementor-element elementor-element-62e4437 e-flex e-con-boxed e-con e-parent\" data-id=\"62e4437\" data-element_type=\"container\" data-e-type=\"container\" data-settings=\"{&quot;jet_parallax_layout_list&quot;:[]}\">\n\t\t\t\t\t<div class=\"e-con-inner\">\n\t\t\t\t<div class=\"elementor-element elementor-element-77f7bd5 elementor-widget__width-initial elementor-widget elementor-widget-heading\" data-id=\"77f7bd5\" data-element_type=\"widget\" data-e-type=\"widget\" data-widget_type=\"heading.default\">\n\t\t\t\t<div class=\"elementor-widget-container\">\n\t\t\t\t\t<h2 class=\"elementor-heading-title elementor-size-default\">Nossa paix\u00e3o e compromisso fazem a diferen\u00e7a<\/h2>\t\t\t\t<\/div>\n\t\t\t\t<\/div>\n\t\t\t\t\t<\/div>\n\t\t\t\t<\/div>\n\t\t<div class=\"elementor-element elementor-element-9d384bb animated-slow e-flex e-con-boxed elementor-invisible e-con e-parent\" data-id=\"9d384bb\" data-element_type=\"container\" data-e-type=\"container\" data-settings=\"{&quot;jet_parallax_layout_list&quot;:[],&quot;animation&quot;:&quot;fadeInUp&quot;}\">\n\t\t\t\t\t<div class=\"e-con-inner\">\n\t\t<div class=\"elementor-element elementor-element-2ffc06f e-con-full e-flex e-con e-child\" data-id=\"2ffc06f\" data-element_type=\"container\" data-e-type=\"container\" data-settings=\"{&quot;jet_parallax_layout_list&quot;:[]}\">\n\t\t\t\t<div class=\"elementor-element elementor-element-7597c7a elementor-widget elementor-widget-heading\" data-id=\"7597c7a\" data-element_type=\"widget\" data-e-type=\"widget\" data-widget_type=\"heading.default\">\n\t\t\t\t<div class=\"elementor-widget-container\">\n\t\t\t\t\t<h2 class=\"elementor-heading-title elementor-size-default\">Hist\u00f3rias de sucesso de BPO<\/h2>\t\t\t\t<\/div>\n\t\t\t\t<\/div>\n\t\t\t\t<\/div>\n\t\t<div class=\"elementor-element elementor-element-9ac27ee e-con-full e-flex e-con e-child\" data-id=\"9ac27ee\" data-element_type=\"container\" data-e-type=\"container\" data-settings=\"{&quot;jet_parallax_layout_list&quot;:[]}\">\n\t\t\t\t<div class=\"elementor-element elementor-element-02cde2e elementor-widget elementor-widget-image\" data-id=\"02cde2e\" data-element_type=\"widget\" data-e-type=\"widget\" data-widget_type=\"image.default\">\n\t\t\t\t<div class=\"elementor-widget-container\">\n\t\t\t\t\t\t\t\t\t\t\t\t\t\t\t\t<a href=\"https:\/\/xtendo.global\/pt\/success-stories\/microsoft\/\">\n\t\t\t\t\t\t\t<img decoding=\"async\" width=\"361\" height=\"137\" src=\"https:\/\/xtendo.global\/pt\/wp-content\/uploads\/Rectangle-914-1.png\" class=\"attachment-full size-full wp-image-1951\" alt=\"\" srcset=\"https:\/\/xtendo.global\/pt\/wp-content\/uploads\/Rectangle-914-1.png 361w, https:\/\/xtendo.global\/pt\/wp-content\/uploads\/Rectangle-914-1-300x114.png 300w\" sizes=\"(max-width: 361px) 100vw, 361px\" \/>\t\t\t\t\t\t\t\t<\/a>\n\t\t\t\t\t\t\t\t\t\t\t\t\t\t\t<\/div>\n\t\t\t\t<\/div>\n\t\t\t\t<div class=\"elementor-element elementor-element-0262c93 elementor-widget elementor-widget-heading\" data-id=\"0262c93\" data-element_type=\"widget\" data-e-type=\"widget\" data-widget_type=\"heading.default\">\n\t\t\t\t<div class=\"elementor-widget-container\">\n\t\t\t\t\t<h2 class=\"elementor-heading-title elementor-size-default\"><a href=\"https:\/\/xtendo.global\/pt\/success-stories\/microsoft\/\">Hist\u00f3ria de sucesso da Microsoft<\/a><\/h2>\t\t\t\t<\/div>\n\t\t\t\t<\/div>\n\t\t\t\t<\/div>\n\t\t<div class=\"elementor-element elementor-element-51ee19c e-con-full e-flex e-con e-child\" data-id=\"51ee19c\" data-element_type=\"container\" data-e-type=\"container\" data-settings=\"{&quot;jet_parallax_layout_list&quot;:[]}\">\n\t\t\t\t<div class=\"elementor-element elementor-element-e38e4c6 elementor-widget elementor-widget-image\" data-id=\"e38e4c6\" data-element_type=\"widget\" data-e-type=\"widget\" data-widget_type=\"image.default\">\n\t\t\t\t<div class=\"elementor-widget-container\">\n\t\t\t\t\t\t\t\t\t\t\t\t\t\t\t\t<a href=\"https:\/\/xtendo.global\/pt\/success-stories\/pedidos-ya\/\">\n\t\t\t\t\t\t\t<img decoding=\"async\" width=\"360\" height=\"137\" src=\"https:\/\/xtendo.global\/pt\/wp-content\/uploads\/Rectangle-915.png\" class=\"attachment-full size-full wp-image-1953\" alt=\"\" srcset=\"https:\/\/xtendo.global\/pt\/wp-content\/uploads\/Rectangle-915.png 360w, https:\/\/xtendo.global\/pt\/wp-content\/uploads\/Rectangle-915-300x114.png 300w\" sizes=\"(max-width: 360px) 100vw, 360px\" \/>\t\t\t\t\t\t\t\t<\/a>\n\t\t\t\t\t\t\t\t\t\t\t\t\t\t\t<\/div>\n\t\t\t\t<\/div>\n\t\t\t\t<div class=\"elementor-element elementor-element-b400983 elementor-widget elementor-widget-heading\" data-id=\"b400983\" data-element_type=\"widget\" data-e-type=\"widget\" data-widget_type=\"heading.default\">\n\t\t\t\t<div class=\"elementor-widget-container\">\n\t\t\t\t\t<h2 class=\"elementor-heading-title elementor-size-default\"><a href=\"https:\/\/xtendo.global\/pt\/success-stories\/pedidos-ya\/\">Hist\u00f3ria de sucesso da Pedidos Ya <\/a><\/h2>\t\t\t\t<\/div>\n\t\t\t\t<\/div>\n\t\t\t\t<\/div>\n\t\t<div class=\"elementor-element elementor-element-83f8a6a e-con-full e-flex e-con e-child\" data-id=\"83f8a6a\" data-element_type=\"container\" data-e-type=\"container\" data-settings=\"{&quot;jet_parallax_layout_list&quot;:[]}\">\n\t\t\t\t<div class=\"elementor-element elementor-element-a615278 elementor-widget elementor-widget-image\" data-id=\"a615278\" data-element_type=\"widget\" data-e-type=\"widget\" data-widget_type=\"image.default\">\n\t\t\t\t<div class=\"elementor-widget-container\">\n\t\t\t\t\t\t\t\t\t\t\t\t\t\t\t\t<a href=\"https:\/\/xtendo.global\/pt\/success-stories\/supermercados-tottus\/\">\n\t\t\t\t\t\t\t<img decoding=\"async\" width=\"361\" height=\"137\" src=\"https:\/\/xtendo.global\/pt\/wp-content\/uploads\/Rectangle-914.png\" class=\"attachment-full size-full wp-image-1952\" alt=\"\" srcset=\"https:\/\/xtendo.global\/pt\/wp-content\/uploads\/Rectangle-914.png 361w, https:\/\/xtendo.global\/pt\/wp-content\/uploads\/Rectangle-914-300x114.png 300w\" sizes=\"(max-width: 361px) 100vw, 361px\" \/>\t\t\t\t\t\t\t\t<\/a>\n\t\t\t\t\t\t\t\t\t\t\t\t\t\t\t<\/div>\n\t\t\t\t<\/div>\n\t\t\t\t<div class=\"elementor-element elementor-element-0205ca4 elementor-widget elementor-widget-heading\" data-id=\"0205ca4\" data-element_type=\"widget\" data-e-type=\"widget\" data-widget_type=\"heading.default\">\n\t\t\t\t<div class=\"elementor-widget-container\">\n\t\t\t\t\t<h2 class=\"elementor-heading-title elementor-size-default\"><a href=\"https:\/\/xtendo.global\/pt\/success-stories\/supermercados-tottus\/\">Hist\u00f3ria de sucesso dos supermercados Tottus<\/a><\/h2>\t\t\t\t<\/div>\n\t\t\t\t<\/div>\n\t\t\t\t<\/div>\n\t\t<div class=\"elementor-element elementor-element-87e527e e-con-full e-flex e-con e-child\" data-id=\"87e527e\" data-element_type=\"container\" data-e-type=\"container\" data-settings=\"{&quot;jet_parallax_layout_list&quot;:[]}\">\n\t\t\t\t<div class=\"elementor-element elementor-element-16e04c2 elementor-widget elementor-widget-image\" data-id=\"16e04c2\" data-element_type=\"widget\" data-e-type=\"widget\" data-widget_type=\"image.default\">\n\t\t\t\t<div class=\"elementor-widget-container\">\n\t\t\t\t\t\t\t\t\t\t\t\t\t\t\t\t<a href=\"https:\/\/xtendo.global\/pt\/fliits\/\">\n\t\t\t\t\t\t\t<img loading=\"lazy\" decoding=\"async\" width=\"531\" height=\"165\" src=\"https:\/\/xtendo.global\/pt\/wp-content\/uploads\/fliits.png\" class=\"attachment-full size-full wp-image-6039\" alt=\"\" srcset=\"https:\/\/xtendo.global\/pt\/wp-content\/uploads\/fliits.png 531w, https:\/\/xtendo.global\/pt\/wp-content\/uploads\/fliits-300x93.png 300w\" sizes=\"(max-width: 531px) 100vw, 531px\" \/>\t\t\t\t\t\t\t\t<\/a>\n\t\t\t\t\t\t\t\t\t\t\t\t\t\t\t<\/div>\n\t\t\t\t<\/div>\n\t\t\t\t<div class=\"elementor-element elementor-element-9c9ccc1 elementor-widget elementor-widget-heading\" data-id=\"9c9ccc1\" data-element_type=\"widget\" data-e-type=\"widget\" data-widget_type=\"heading.default\">\n\t\t\t\t<div class=\"elementor-widget-container\">\n\t\t\t\t\t<h2 class=\"elementor-heading-title elementor-size-default\"><a href=\"https:\/\/xtendo.global\/pt\/fliits\/\">Hist\u00f3ria de sucesso da Fliits<\/a><\/h2>\t\t\t\t<\/div>\n\t\t\t\t<\/div>\n\t\t\t\t<\/div>\n\t\t\t\t\t<\/div>\n\t\t\t\t<\/div>\n\t\t<div class=\"elementor-element elementor-element-7539edc animated-slow e-flex e-con-boxed elementor-invisible e-con e-parent\" data-id=\"7539edc\" data-element_type=\"container\" data-e-type=\"container\" data-settings=\"{&quot;jet_parallax_layout_list&quot;:[],&quot;animation&quot;:&quot;fadeInUp&quot;}\">\n\t\t\t\t\t<div class=\"e-con-inner\">\n\t\t<div class=\"elementor-element elementor-element-ec7fbc9 e-con-full e-flex e-con e-child\" data-id=\"ec7fbc9\" data-element_type=\"container\" data-e-type=\"container\" data-settings=\"{&quot;jet_parallax_layout_list&quot;:[]}\">\n\t\t\t\t<div class=\"elementor-element elementor-element-e9a1f2e elementor-widget elementor-widget-heading\" data-id=\"e9a1f2e\" data-element_type=\"widget\" data-e-type=\"widget\" data-widget_type=\"heading.default\">\n\t\t\t\t<div class=\"elementor-widget-container\">\n\t\t\t\t\t<h2 class=\"elementor-heading-title elementor-size-default\">AI Success Stories<\/h2>\t\t\t\t<\/div>\n\t\t\t\t<\/div>\n\t\t\t\t<\/div>\n\t\t<div class=\"elementor-element elementor-element-20b08be e-con-full e-flex e-con e-child\" data-id=\"20b08be\" data-element_type=\"container\" data-e-type=\"container\" data-settings=\"{&quot;jet_parallax_layout_list&quot;:[]}\">\n\t\t\t\t<div class=\"elementor-element elementor-element-29d640f elementor-widget elementor-widget-image\" data-id=\"29d640f\" data-element_type=\"widget\" data-e-type=\"widget\" data-widget_type=\"image.default\">\n\t\t\t\t<div class=\"elementor-widget-container\">\n\t\t\t\t\t\t\t\t\t\t\t\t\t\t\t\t<a href=\"https:\/\/xtendo.global\/pt\/success-stories\/interbank\/\">\n\t\t\t\t\t\t\t<img loading=\"lazy\" decoding=\"async\" width=\"360\" height=\"137\" src=\"https:\/\/xtendo.global\/pt\/wp-content\/uploads\/Rectangle-915-1.png\" class=\"attachment-full size-full wp-image-1950\" alt=\"\" srcset=\"https:\/\/xtendo.global\/pt\/wp-content\/uploads\/Rectangle-915-1.png 360w, https:\/\/xtendo.global\/pt\/wp-content\/uploads\/Rectangle-915-1-300x114.png 300w\" sizes=\"(max-width: 360px) 100vw, 360px\" \/>\t\t\t\t\t\t\t\t<\/a>\n\t\t\t\t\t\t\t\t\t\t\t\t\t\t\t<\/div>\n\t\t\t\t<\/div>\n\t\t\t\t<div class=\"elementor-element elementor-element-9e70f12 elementor-widget elementor-widget-heading\" data-id=\"9e70f12\" data-element_type=\"widget\" data-e-type=\"widget\" data-widget_type=\"heading.default\">\n\t\t\t\t<div class=\"elementor-widget-container\">\n\t\t\t\t\t<h2 class=\"elementor-heading-title elementor-size-default\"><a href=\"https:\/\/xtendo.global\/pt\/success-stories\/interbank\/\">Hist\u00f3ria de sucesso interbanc\u00e1ria<\/a><\/h2>\t\t\t\t<\/div>\n\t\t\t\t<\/div>\n\t\t\t\t<\/div>\n\t\t<div class=\"elementor-element elementor-element-913eb84 e-con-full e-flex e-con e-child\" data-id=\"913eb84\" data-element_type=\"container\" data-e-type=\"container\" data-settings=\"{&quot;jet_parallax_layout_list&quot;:[]}\">\n\t\t\t\t<div class=\"elementor-element elementor-element-85e64d1 elementor-widget elementor-widget-image\" data-id=\"85e64d1\" data-element_type=\"widget\" data-e-type=\"widget\" data-widget_type=\"image.default\">\n\t\t\t\t<div class=\"elementor-widget-container\">\n\t\t\t\t\t\t\t\t\t\t\t\t\t\t\t\t<a href=\"https:\/\/xtendo.global\/pt\/success-stories\/caixa-federal\/\">\n\t\t\t\t\t\t\t<img loading=\"lazy\" decoding=\"async\" width=\"361\" height=\"137\" src=\"https:\/\/xtendo.global\/pt\/wp-content\/uploads\/Rectangle-914-2.png\" class=\"attachment-full size-full wp-image-1949\" alt=\"\" srcset=\"https:\/\/xtendo.global\/pt\/wp-content\/uploads\/Rectangle-914-2.png 361w, https:\/\/xtendo.global\/pt\/wp-content\/uploads\/Rectangle-914-2-300x114.png 300w\" sizes=\"(max-width: 361px) 100vw, 361px\" \/>\t\t\t\t\t\t\t\t<\/a>\n\t\t\t\t\t\t\t\t\t\t\t\t\t\t\t<\/div>\n\t\t\t\t<\/div>\n\t\t\t\t<div class=\"elementor-element elementor-element-2801e27 elementor-widget elementor-widget-heading\" data-id=\"2801e27\" data-element_type=\"widget\" data-e-type=\"widget\" data-widget_type=\"heading.default\">\n\t\t\t\t<div class=\"elementor-widget-container\">\n\t\t\t\t\t<h2 class=\"elementor-heading-title elementor-size-default\"><a href=\"https:\/\/xtendo.global\/pt\/success-stories\/caixa-federal\/\">Hist\u00f3ria de sucesso da Caixa Federal<\/a><\/h2>\t\t\t\t<\/div>\n\t\t\t\t<\/div>\n\t\t\t\t<\/div>\n\t\t\t\t\t<\/div>\n\t\t\t\t<\/div>\n\t\t\t\t<\/div>\n\t\t","protected":false},"excerpt":{"rendered":"<p>Hist\u00f3rias de sucesso Xtendo GlobalTransformamos desafios em resultados extraordin\u00e1rios. Nossa paix\u00e3o e compromisso fazem a diferen\u00e7a Hist\u00f3rias de sucesso de BPO Hist\u00f3ria de sucesso da Microsoft Hist\u00f3ria de sucesso da Pedidos Ya Hist\u00f3ria de sucesso dos supermercados Tottus Hist\u00f3ria de sucesso da Fliits AI Success Stories Hist\u00f3ria de sucesso interbanc\u00e1ria Hist\u00f3ria de sucesso da Caixa [&hellip;]<\/p>\n","protected":false},"author":3,"featured_media":0,"parent":0,"menu_order":0,"comment_status":"closed","ping_status":"closed","template":"","meta":{"footnotes":""},"class_list":["post-25","page","type-page","status-publish","hentry"],"_links":{"self":[{"href":"https:\/\/xtendo.global\/pt\/wp-json\/wp\/v2\/pages\/25","targetHints":{"allow":["GET"]}}],"collection":[{"href":"https:\/\/xtendo.global\/pt\/wp-json\/wp\/v2\/pages"}],"about":[{"href":"https:\/\/xtendo.global\/pt\/wp-json\/wp\/v2\/types\/page"}],"author":[{"embeddable":true,"href":"https:\/\/xtendo.global\/pt\/wp-json\/wp\/v2\/users\/3"}],"replies":[{"embeddable":true,"href":"https:\/\/xtendo.global\/pt\/wp-json\/wp\/v2\/comments?post=25"}],"version-history":[{"count":83,"href":"https:\/\/xtendo.global\/pt\/wp-json\/wp\/v2\/pages\/25\/revisions"}],"predecessor-version":[{"id":6743,"href":"https:\/\/xtendo.global\/pt\/wp-json\/wp\/v2\/pages\/25\/revisions\/6743"}],"wp:attachment":[{"href":"https:\/\/xtendo.global\/pt\/wp-json\/wp\/v2\/media?parent=25"}],"curies":[{"name":"wp","href":"https:\/\/api.w.org\/{rel}","templated":true}]}}